{"id":4669,"date":"2016-01-10T16:30:57","date_gmt":"2016-01-10T15:30:57","guid":{"rendered":"http:\/\/boardnbreakfastcom.webhosting.be\/?page_id=4669&#038;lang=fr"},"modified":"2024-05-22T08:07:29","modified_gmt":"2024-05-22T07:07:29","slug":"acces","status":"publish","type":"page","link":"https:\/\/boardnbreakfast.com\/fr\/acces\/","title":{"rendered":"Acc\u00e8s"},"content":{"rendered":"<section class=\"wpb-content-wrapper\"><p>[vc_row][vc_column width=&#8221;1\/4&#8243;][vc_single_image image=&#8221;3718&#8243; alignment=&#8221;center&#8221;][\/vc_column][vc_column width=&#8221;3\/4&#8243;][vc_column_text]<strong>Avion<\/strong><\/p>\n<ul>\n<li style=\"text-align: justify;\">Des compagnies \u00e0 bas prix Easyjet, Hop, Volotea, Ryanair\u2026ont des vols pour <strong>Bordeaux <\/strong>\u00e0 partir de Bruxelles, Lille, Londres, Zurich\u2026<\/li>\n<li style=\"text-align: justify;\">Des compagnies \u00e0 bas prix Easyjet, Ryanair, Hop\u2026ont des vols pour <strong>Biarritz <\/strong>\u00e0 partir de Bruxelles, Londres, Lille, Paris\u2026<\/li>\n<\/ul>\n<p style=\"text-align: justify;\">Faites appel \u00e0 notre service de transport pour votre aller et retour de l\u2019a\u00e9roport de Biarritz. (Taxi: \u20ac90 \/ notre service: \u20ac60 trajet unique)<\/p>\n<p>[\/vc_column_text][\/vc_column][\/vc_row][vc_row][vc_column width=&#8221;1\/4&#8243;][vc_single_image image=&#8221;3722&#8243; alignment=&#8221;center&#8221;][\/vc_column][vc_column width=&#8221;3\/4&#8243;][vc_empty_space height=&#8221;15px&#8221;][vc_column_text]<strong>Voiture<\/strong><\/p>\n<p style=\"text-align: justify;\">Comptez 10 \u00e0 12 heures de voiture \u00e0 partir de Belgique ou des Pays-Bas. Si vous avez votre propre voiture, vous aurez plus de possibilit\u00e9s de faire du surf ou de partir \u00e0 la d\u00e9couverte de la r\u00e9gion. Vous pouvez toujours louer une voiture afin de profiter pleinement de vos vacances de surf.<\/p>\n<p>[\/vc_column_text][vc_single_image image=&#8221;3786&#8243; img_size=&#8221;medium&#8221; style=&#8221;vc_box_border&#8221; border_color=&#8221;black&#8221; onclick=&#8221;custom_link&#8221; img_link_target=&#8221;_blank&#8221; link=&#8221;https:\/\/www.blablacar.nl&#8221;][\/vc_column][\/vc_row][vc_row][vc_column width=&#8221;1\/4&#8243;][vc_single_image image=&#8221;3717&#8243; alignment=&#8221;center&#8221;][\/vc_column][vc_column width=&#8221;3\/4&#8243;][vc_empty_space height=&#8221;15px&#8221;][vc_column_text]<strong>Train<\/strong><\/p>\n<p style=\"text-align: justify;\">Le TGV s\u2019arr\u00eate \u00e0 Bayonne, \u00e0 15 minutes de Labenne. Faites appel \u00e0 notre service de transport (taxi: \u20ac50 \/ notre service: \u20ac40) ou prenez le bus (2\u20ac)<\/p>\n<p>Il y a un gare \u00e0 Labenne. Nous viendrons vous chercher et vous y \u00a0d\u00e9poserons gratuitement.<\/p>\n<pre id=\"tw-target-text\" class=\"tw-data-text tw-text-large tw-ta\" dir=\"ltr\" data-placeholder=\"Vertaling\" data-ved=\"2ahUKEwj1rImAvv-DAxXnUaQEHb3GBdsQ3ewLegQIBRAQ\"><\/pre>\n<p>[\/vc_column_text][\/vc_column][\/vc_row][vc_row][vc_column width=&#8221;1\/4&#8243;][vc_single_image image=&#8221;3715&#8243; alignment=&#8221;center&#8221;][\/vc_column][vc_column width=&#8221;3\/4&#8243;][vc_empty_space height=&#8221;25px&#8221;][vc_column_text]<strong>V\u00e9lo<\/strong><\/p>\n<p style=\"text-align: justify;\">Location de v\u00e9los chez nous\u00a0: 7\u20ac la journ\u00e9e ou 30\u20ac la semaine. Possibilit\u00e9 de transporter les planches de surf \u00e0 v\u00e9lo.<\/p>\n<p>[\/vc_column_text][vc_column_text]<strong>Fatbikes<\/strong><\/p>\n<p>Il est possible de louer des fatbikes chez nous pour partir \u00e0 la recherche de votre propre &#8216;virgin wave&#8217;. Partez de notre jardin pour une balade sur la plage ou empruntez une des pistes cyclables \u00e0 travers la for\u00eat pour rejoindre les spots secrets et surtout tranquilles ! Un fatbike vous permet d&#8217;atteindre ais\u00e9ment 27km\/h, m\u00eame sur le sable. Ou emportez-le en voiture pour aller d\u00e9couvrir d&#8217;innombrables plages du littoral entre Seignosse et Bordeaux.<\/p>\n<div>\u00a0Un fatbike est co\u00fbteux, h\u00e9las, mais avec un peu de chance, Anton vous emm\u00e8nera faire un tour d\u2019essai gratuit!<\/div>\n<div><\/div>\n<div>Prix:<\/div>\n<div>\n<ul>\n<li>1 jour: \u20ac30<\/li>\n<li>2 jours: \u20ac50<\/li>\n<li>3 jours: \u20ac65<\/li>\n<li>4 jours: \u20ac76<\/li>\n<li>5 jours: \u20ac85<\/li>\n<li>6 jours: \u20ac94<\/li>\n<li>7 jours: \u20ac90<\/li>\n<li>Chaque jour extra: + \u20ac10<\/li>\n<\/ul>\n<\/div>\n<p>[\/vc_column_text][\/vc_column][\/vc_row]<\/p>\n<\/section>","protected":false},"excerpt":{"rendered":"<p>[vc_row][vc_column width=&#8221;1\/4&#8243;][vc_single_image image=&#8221;3718&#8243; alignment=&#8221;center&#8221;][\/vc_column][vc_column width=&#8221;3\/4&#8243;][vc_column_text]Avion Des compagnies \u00e0 bas prix Easyjet, Hop, Volotea, Ryanair\u2026ont des vols pour Bordeaux \u00e0 partir de Bruxelles, Lille, Londres, Zurich\u2026 Des compagnies \u00e0 bas prix Easyjet, Ryanair, Hop\u2026ont des vols pour Biarritz \u00e0 partir de Bruxelles, Londres, Lille, Paris\u2026 Faites appel \u00e0 notre service de transport pour votre aller et [&hellip;]<\/p>\n","protected":false},"author":1,"featured_media":0,"parent":0,"menu_order":0,"comment_status":"closed","ping_status":"closed","template":"","meta":{"footnotes":""},"_links":{"self":[{"href":"https:\/\/boardnbreakfast.com\/fr\/wp-json\/wp\/v2\/pages\/4669"}],"collection":[{"href":"https:\/\/boardnbreakfast.com\/fr\/wp-json\/wp\/v2\/pages"}],"about":[{"href":"https:\/\/boardnbreakfast.com\/fr\/wp-json\/wp\/v2\/types\/page"}],"author":[{"embeddable":true,"href":"https:\/\/boardnbreakfast.com\/fr\/wp-json\/wp\/v2\/users\/1"}],"replies":[{"embeddable":true,"href":"https:\/\/boardnbreakfast.com\/fr\/wp-json\/wp\/v2\/comments?post=4669"}],"version-history":[{"count":15,"href":"https:\/\/boardnbreakfast.com\/fr\/wp-json\/wp\/v2\/pages\/4669\/revisions"}],"predecessor-version":[{"id":10051,"href":"https:\/\/boardnbreakfast.com\/fr\/wp-json\/wp\/v2\/pages\/4669\/revisions\/10051"}],"wp:attachment":[{"href":"https:\/\/boardnbreakfast.com\/fr\/wp-json\/wp\/v2\/media?parent=4669"}],"curies":[{"name":"wp","href":"https:\/\/api.w.org\/{rel}","templated":true}]}}