{"id":4697,"date":"2016-01-10T17:36:15","date_gmt":"2016-01-10T16:36:15","guid":{"rendered":"http:\/\/boardnbreakfastcom.webhosting.be\/?page_id=4697&#038;lang=fr"},"modified":"2025-05-16T11:49:00","modified_gmt":"2025-05-16T10:49:00","slug":"accueil","status":"publish","type":"page","link":"https:\/\/boardnbreakfast.com\/fr\/","title":{"rendered":"Accueil"},"content":{"rendered":"<section class=\"wpb-content-wrapper\"><p>[vc_row][vc_column][vc_empty_space][\/vc_column][\/vc_row][vc_row full_width=&#8221;stretch_row_content&#8221; equal_height=&#8221;yes&#8221; el_class=&#8221;.create__column__gap&#8221;][vc_column width=&#8221;1\/2&#8243;][vc_column_text]<\/p>\n<h1 class=\"h1spoof\"><a href=\"https:\/\/boardnbreakfast.com\/fr\/chambre-dhotes-surfhouse\/\"><strong>CHAMBRE D&#8217;H\u00d4TES<\/strong><\/a><\/h1>\n<p>[\/vc_column_text][vc_single_image image=&#8221;10295&#8243; img_size=&#8221;large&#8221; alignment=&#8221;center&#8221; onclick=&#8221;custom_link&#8221; link=&#8221;\/fr\/chambre-dhotes-surfhouse\/&#8221;][vc_btn title=&#8221;Tout le monde&#8221; style=&#8221;flat&#8221; shape=&#8221;square&#8221; color=&#8221;black&#8221; align=&#8221;center&#8221; link=&#8221;url:https%3A%2F%2Fboardnbreakfast.com%2Ffr%2Fchambre-dhotes-surfhouse%2F|||&#8221;][\/vc_column][vc_column width=&#8221;1\/2&#8243;][vc_column_text]<\/p>\n<h1 class=\"h1spoof\"><a href=\"https:\/\/boardnbreakfast.com\/fr\/louez-notre-surfhouse-en-entier\/\"><strong>PRIVATISER NOTRE SURFHOUSE<\/strong><\/a><\/h1>\n<p>[\/vc_column_text][vc_single_image image=&#8221;9753&#8243; img_size=&#8221;large&#8221; alignment=&#8221;center&#8221; onclick=&#8221;custom_link&#8221; link=&#8221;\/fr\/louez-notre-surfhouse-en-entier\/&#8221;][vc_btn title=&#8221;Groups et familles&#8221; style=&#8221;flat&#8221; shape=&#8221;square&#8221; color=&#8221;black&#8221; align=&#8221;center&#8221; link=&#8221;url:https%3A%2F%2Fboardnbreakfast.com%2Ffr%2Flouez-notre-surfhouse-en-entier%2F|||&#8221;][\/vc_column][\/vc_row][vc_row full_width=&#8221;stretch_row&#8221;][vc_column][vc_separator color=&#8221;black&#8221;][vc_column_text css=&#8221;.vc_custom_1459165630194{padding-top: 30px !important;}&#8221;]<\/p>\n<p style=\"text-align: center;\">Nous vous accueillerons avec plaisir dans notre Board \u2018n Breakfast. R\u00e9alisez vos r\u00eaves de surf et suivez le courant des vagues..<\/p>\n<h3 style=\"text-align: center;\"><strong>Board &#8216;n Breakfast: l&#8217;adresse par excellence pour vos vacances de surf!<\/strong><\/h3>\n<p>[\/vc_column_text][vc_column_text]<center><a class=\"vc_general vc_btn3 vc_btn3-size-md vc_btn3-shape-rounded vc_btn3-style-outline vc_btn3-color-inverse\" style=\"font-size: 18px;\" href=\"https:\/\/boardnbreakfast.com\/contact\/\"><strong>R\u00e9servez maintenant (ou plus tard)<\/strong><\/a><\/center>[\/vc_column_text][\/vc_column][\/vc_row][vc_row full_width=&#8221;stretch_row_content&#8221; content_placement=&#8221;middle&#8221; parallax=&#8221;content-moving&#8221; parallax_image=&#8221;9353&#8243; parallax_speed_bg=&#8221;0&#8243; bg_type=&#8221;image&#8221; parallax_style=&#8221;vcpb-default&#8221; bg_image_repeat=&#8221;no-repeat&#8221; bg_img_attach=&#8221;fixed&#8221;][vc_column][vc_empty_space height=&#8221;400px&#8221;][\/vc_column][\/vc_row][vc_row][vc_column width=&#8221;1\/4&#8243;][vc_empty_space][vc_column_text]<\/p>\n<h2 class=\"h1spoof\"><strong>TROUVEZ-NOUS SUR INSTAGRAM<\/strong><\/h2>\n<p>[\/vc_column_text][vc_column_text]\n<div id=\"sb_instagram\"  class=\"sbi sbi_mob_col_1 sbi_tab_col_2 sbi_col_2 sbi_width_resp\" style=\"padding-bottom: 10px;width: 100%;\" data-feedid=\"sbi_#2\"  data-res=\"auto\" data-cols=\"2\" data-colsmobile=\"1\" data-colstablet=\"2\" data-num=\"2\" data-nummobile=\"\" data-item-padding=\"5\" data-shortcode-atts=\"{&quot;showfollow&quot;:&quot;false&quot;}\"  data-postid=\"4697\" data-locatornonce=\"f84cbf2ae8\" data-sbi-flags=\"favorLocal\">\n\t\n    <div id=\"sbi_images\"  style=\"gap: 10px;\">\n\t\t    <\/div>\n\n\t<div id=\"sbi_load\" >\n\n\t\n\t\n<\/div>\n\n\t    <span class=\"sbi_resized_image_data\" data-feed-id=\"sbi_#2\" data-resized=\"[]\">\n\t<\/span>\n\t<\/div>\n\n[\/vc_column_text][\/vc_column][vc_column width=&#8221;1\/4&#8243; text_align=&#8221;center&#8221;][vc_empty_space][vc_column_text]<\/p>\n<h2 class=\"h1spoof\"><strong>SUIVEZ-NOUS SUR FACEBOOK<\/strong><\/h2>\n<p>[\/vc_column_text][vc_column_text]<\/p>\n<p style=\"text-align: center;\">\t\t\t<div id=\"4365\">\n\t\t\t<style>\n\t\t\t.iframe_class_4365\t\t\t{\n\t\t\t\tborder-radius: 0px !important;\n\t\t\t\t-webkit-border-radius: 0px !important;\n\t\t\t\t-moz-border-radius: 0px !important;\n\t\t\t\t-o-border-radius: 0px !important;\n\t\t\t\tborder: 0px   !important;\n\t\t\t\tz-index: 0 !important;\n\t\t\t\toverflow: hidden !important;\n\t\t\t}\n\t\t\t<\/style>\n\t\t<div id=\"facebook_likebox_container_4365\">\n\t\t\t<iframe class=\"iframe_class_4365\" src=\"https:\/\/www.facebook.com\/plugins\/page.php?href=http%3A%2F%2Fwww.facebook.com%2Fboardnbreakfast&amp;tabs=timeline,events,messages&amp;width=300&amp;height=300&amp;small_header=true&amp;adapt_container_width=true&amp;hide_cover=false&amp;locale=en_US&amp;show_facepile=true\" width=\"300\" height=\"300\" style=\"overflow:hidden\" scrolling=\"no\" frameborder=\"0\" allowTransparency=\"true\">\n\t\t\t<\/iframe>\n\t\t<\/div>\n\t\t\t<script type=\"text\/javascript\">\n\tvar ajaxurl = \"https:\/\/boardnbreakfast.com\/wp-admin\/admin-ajax.php\";\n\t\/\/ Close Popup\n\tjQuery(\"[data-media-popup-close]\").on(\"click\", function (e)\n\t{\n\t\tjQuery(\"[data-popup=ux_open_popup_media_button]\").fadeOut(350);\n\t\te.preventDefault();\n\t});\n\tfunction show_pop_up_facebook_likebox()\n\t{\n\t\tjQuery(\"[data-media-popup-open]\").on(\"click\", function (e)\n\t\t{\n\t\t\tjQuery(\"[data-popup=ux_open_popup_media_button]\").fadeIn(350);\n\t\t\te.preventDefault();\n\t\t});\n\t}\n\tfunction like_box_type()\n\t{\n\t\tvar like_box_type_data = jQuery(\"#ux_ddl_layout_likebox\").val();\n\t\tjQuery.post(ajaxurl,\n\t\t{\n\t\t\ttype: like_box_type_data,\n\t\t\tparam: \"facebook_likebox_shortcode_module\",\n\t\t\taction: \"facebook_likebox_frontend_ajax_call\",\n\t\t\t_wp_nonce: \"\"\n\t\t},\n\t\tfunction (data)\n\t\t{\n\t\t\tjQuery(\"#ux_ddl_layout_title\").html(data);\n\t\t});\n\t}\n\tfunction insert_like_box()\n\t{\n\t\tvar value = jQuery(\"#ux_ddl_layout_likebox\").val();\n\t\tvar fbl_id = jQuery(\"#ux_ddl_layout_title\").val();\n\t\tvar case_type = \"\";\n\t\tswitch (value)\n\t\t{\n\t\tcase \"add_like_box_settings\":\n\t\t\tcase_type = \"like_box\";\n\t\t\t\tbreak;\n\t\tcase \"add_like_button_settings\":\n\t\t\tcase_type = \"like_button\";\n\t\t\t\tbreak;\n\t\tcase \"like_box_and_button_settings\":\n\t\t\t\tcase_type = \"like_box_button\";\n\t\t\t\tbreak;\n\t}\n\tvar shortcode = \"[facebook_likebox case_type=\\\"\" + case_type + \"\\\" \" + \"fbl_id=\\\"\" + fbl_id + \"\\\"][\/facebook_likebox]\";\n\tif (window.CKEDITOR)\n\t{\n\t\tCKEDITOR.instances[\"content\"].insertHtml(shortcode + \"\\r\\n\");\n\t} else\n\t\t{\n\t\t\twindow.send_to_editor(shortcode + \"\\r\\n\");\n\t\t}\n\t\tjQuery(\"[data-popup=ux_open_popup_media_button]\").fadeOut(350);\n\t}\n\tfunction fbl_validate_fields()\n\t{\n\t\tvar likebox_type = jQuery(\"#ux_ddl_layout_likebox\").val();\n\t\tvar likebox = jQuery(\"#ux_ddl_layout_title\").val();\n\t\tif (likebox_type === \"\")\n\t\t{\n\t\t\tvar shortCutFunction = jQuery(\"#toastTypeGroup_error input:checked\").val();\n\t\t\tvar $toast = toastr[shortCutFunction](\"Please Choose a Like Box Type\");\n\t\t\treturn;\n\t\t} else\n\t\t{\n\t\t\tlike_box_type();\n\t\t}\n\t\tif (likebox === \"\")\n\t\t{\n\t\t\tvar shortCutFunction = jQuery(\"#toastTypeGroup_error input:checked\").val();\n\t\t\tvar $toast = toastr[shortCutFunction](\"Please Choose a Like Box\");\n\t\t\treturn;\n\t\t}\n\t\tinsert_like_box();\n\t}\n\tjQuery(document).ready(function ()\n\t{\n\t\tshow_pop_up_facebook_likebox();\n\t});\n<\/script>\n\t\t<\/div>\n<p>[\/vc_column_text][\/vc_column][vc_column width=&#8221;1\/4&#8243;][vc_empty_space][vc_column_text]<\/p>\n<h2 class=\"h1spoof\"><strong>SURF SERVICE<\/strong><\/h2>\n<p>[\/vc_column_text][vc_single_image image=&#8221;9368&#8243; img_size=&#8221;medium&#8221; alignment=&#8221;center&#8221; onclick=&#8221;custom_link&#8221; link=&#8221;\/fr\/surf-service\/&#8221;][vc_column_text]Avec notre exp\u00e9rience dans le management de notre surf house\u00a0<strong>Board \u2018n Breakfast,\u00a0<\/strong>nous vous proposons avec une attention particuli\u00e8re \u00e0 la qualit\u00e9 et l\u2019originalit\u00e9 <a href=\"https:\/\/boardnbreakfast.com\/fr\/surf-service\/\">les nouveaux services.<\/a>[\/vc_column_text][\/vc_column][vc_column width=&#8221;1\/4&#8243;][vc_empty_space][vc_column_text]<\/p>\n<h2 class=\"h1spoof\"><strong>RESERVATION CHAMBRES D&#8217;H\u00d4TES<\/strong><\/h2>\n<p>[\/vc_column_text][vc_column_text]<\/p>\n<div id=\"ConstellationWidgetContainer0b03bcb5-1f66-4a64-ab97-4dea17e09313\" style=\"width: 100%;\" title=\"Board'n Breakfast\" data-id-projet=\"0b03bcb51f664a64ab974dea17e09313\">Chargement en cours&#8230;<\/div>\n<p><script type=\"text\/javascript\" src=\"https:\/\/reservation.elloha.com\/Scripts\/widget-loader.min.js?v=42\"><\/script> <script type=\"text\/javascript\">var constellationWidgetUrl0b03bcb51f664a64ab974dea17e09313, constellationTypeModule0b03bcb51f664a64ab974dea17e09313; constellationWidgetUrl0b03bcb51f664a64ab974dea17e09313 = 'https:\/\/reservation.elloha.com\/Widget\/BookingEngine\/0b03bcb5-1f66-4a64-ab97-4dea17e09313?idoi=f3074887-d226-400f-a825-da064bcaff99&culture=fr-FR'; constellationTypeModule0b03bcb51f664a64ab974dea17e09313=1; constellationWidgetLoad('ConstellationWidgetContainer0b03bcb5-1f66-4a64-ab97-4dea17e09313'); constellationWidgetAddEvent(window, \"resize\", function () { constellationWidgetSetAppearance('ConstellationWidgetContainer0b03bcb5-1f66-4a64-ab97-4dea17e09313'); });<\/script>[\/vc_column_text][\/vc_column][\/vc_row][vc_row full_width=&#8221;stretch_row_content&#8221; content_placement=&#8221;middle&#8221; parallax=&#8221;content-moving&#8221; parallax_image=&#8221;9567&#8243; parallax_speed_bg=&#8221;0&#8243; bg_type=&#8221;image&#8221; parallax_style=&#8221;vcpb-default&#8221; bg_image_repeat=&#8221;no-repeat&#8221; bg_img_attach=&#8221;fixed&#8221;][vc_column][vc_empty_space height=&#8221;400px&#8221;][\/vc_column][\/vc_row][vc_row][vc_column][vc_empty_space][vc_column_text]<\/p>\n<h2 class=\"h1spoof\"><strong>DECOUVREZ NOS VIDEOS<\/strong><\/h2>\n<p>[\/vc_column_text][\/vc_column][\/vc_row][vc_row][vc_column width=&#8221;1\/3&#8243; text_align=&#8221;left&#8221;][vc_empty_space height=&#8221;13px&#8221;][vc_video link=&#8221;https:\/\/vimeo.com\/1031195596&#8243;][vc_column_text]<\/p>\n<h6>1 minute to visit Board &#8216;n Breakfast -made by PrendreLaVague<\/h6>\n<p>[\/vc_column_text][\/vc_column][vc_column width=&#8221;1\/3&#8243;][vc_empty_space height=&#8221;13px&#8221;][vc_video link=&#8221;https:\/\/vimeo.com\/154997174&#8243;][vc_column_text]<\/p>\n<h6 style=\"text-align: center;\">This video from Mait\u00e9 Degryse, gives a great idea of our accommodation (Villa and B&amp;B). Board &#8216;n Breakfast is the place to be to have a fantastic (surf)trip with you friends, familie, solo or as a couple.<br \/>\n&#8220;Board \u2019n Breakfast is a B&amp;B that speaks for itself. Enjoy a great breakfast, grab your board and surf the wonderful waves in France&#8221;<\/h6>\n<p>[\/vc_column_text][\/vc_column][vc_column width=&#8221;1\/3&#8243; text_align=&#8221;center&#8221;][vc_empty_space height=&#8221;13px&#8221;][vc_video link=&#8221;https:\/\/vimeo.com\/552787132&#8243;][vc_column_text]<\/p>\n<h6 style=\"text-align: center;\">Enjoy our unique atmosphere. Come and surf with us in France!<\/h6>\n<p>[\/vc_column_text][\/vc_column][\/vc_row]<\/p>\n<\/section>","protected":false},"excerpt":{"rendered":"<p>[vc_row][vc_column][vc_empty_space][\/vc_column][\/vc_row][vc_row full_width=&#8221;stretch_row_content&#8221; equal_height=&#8221;yes&#8221; el_class=&#8221;.create__column__gap&#8221;][vc_column width=&#8221;1\/2&#8243;][vc_column_text] CHAMBRE D&#8217;H\u00d4TES [\/vc_column_text][vc_single_image image=&#8221;10295&#8243; img_size=&#8221;large&#8221; alignment=&#8221;center&#8221; onclick=&#8221;custom_link&#8221; link=&#8221;\/fr\/chambre-dhotes-surfhouse\/&#8221;][vc_btn title=&#8221;Tout le monde&#8221; style=&#8221;flat&#8221; shape=&#8221;square&#8221; color=&#8221;black&#8221; align=&#8221;center&#8221; link=&#8221;url:https%3A%2F%2Fboardnbreakfast.com%2Ffr%2Fchambre-dhotes-surfhouse%2F|||&#8221;][\/vc_column][vc_column width=&#8221;1\/2&#8243;][vc_column_text] PRIVATISER NOTRE SURFHOUSE [\/vc_column_text][vc_single_image image=&#8221;9753&#8243; img_size=&#8221;large&#8221; alignment=&#8221;center&#8221; onclick=&#8221;custom_link&#8221; link=&#8221;\/fr\/louez-notre-surfhouse-en-entier\/&#8221;][vc_btn title=&#8221;Groups et familles&#8221; style=&#8221;flat&#8221; shape=&#8221;square&#8221; color=&#8221;black&#8221; align=&#8221;center&#8221; link=&#8221;url:https%3A%2F%2Fboardnbreakfast.com%2Ffr%2Flouez-notre-surfhouse-en-entier%2F|||&#8221;][\/vc_column][\/vc_row][vc_row full_width=&#8221;stretch_row&#8221;][vc_column][vc_separator color=&#8221;black&#8221;][vc_column_text css=&#8221;.vc_custom_1459165630194{padding-top: 30px !important;}&#8221;] Nous vous accueillerons avec plaisir dans notre Board \u2018n Breakfast. R\u00e9alisez [&hellip;]<\/p>\n","protected":false},"author":1,"featured_media":0,"parent":0,"menu_order":0,"comment_status":"closed","ping_status":"closed","template":"","meta":{"footnotes":""},"_links":{"self":[{"href":"https:\/\/boardnbreakfast.com\/fr\/wp-json\/wp\/v2\/pages\/4697"}],"collection":[{"href":"https:\/\/boardnbreakfast.com\/fr\/wp-json\/wp\/v2\/pages"}],"about":[{"href":"https:\/\/boardnbreakfast.com\/fr\/wp-json\/wp\/v2\/types\/page"}],"author":[{"embeddable":true,"href":"https:\/\/boardnbreakfast.com\/fr\/wp-json\/wp\/v2\/users\/1"}],"replies":[{"embeddable":true,"href":"https:\/\/boardnbreakfast.com\/fr\/wp-json\/wp\/v2\/comments?post=4697"}],"version-history":[{"count":75,"href":"https:\/\/boardnbreakfast.com\/fr\/wp-json\/wp\/v2\/pages\/4697\/revisions"}],"predecessor-version":[{"id":10298,"href":"https:\/\/boardnbreakfast.com\/fr\/wp-json\/wp\/v2\/pages\/4697\/revisions\/10298"}],"wp:attachment":[{"href":"https:\/\/boardnbreakfast.com\/fr\/wp-json\/wp\/v2\/media?parent=4697"}],"curies":[{"name":"wp","href":"https:\/\/api.w.org\/{rel}","templated":true}]}}