{"id":4839,"date":"2016-01-13T16:01:12","date_gmt":"2016-01-13T15:01:12","guid":{"rendered":"http:\/\/boardnbreakfastcom.webhosting.be\/?page_id=4839&#038;lang=fr"},"modified":"2018-02-03T12:16:13","modified_gmt":"2018-02-03T11:16:13","slug":"surfer-ou","status":"publish","type":"page","link":"https:\/\/boardnbreakfast.com\/fr\/surfer-ou\/","title":{"rendered":"Surfer o\u00f9?"},"content":{"rendered":"<section class=\"wpb-content-wrapper\"><p>[vc_row][vc_column][vc_column_text]<\/p>\n<h4><strong>Les vacances de surf en France<\/strong><\/h4>\n<p style=\"text-align: justify;\">Notre B&amp;B sert de base pour des vacances de surf inoubliables. La r\u00e9gion littorale des Landes et de la C\u00f4te Basque est consid\u00e9r\u00e9e comme un des paradis du surf le plus pris\u00e9 en France et en Europe. Quand la houle s\u2019annonce bonne et que les vagues sont prometteuses, la vie quotidienne s\u2019arr\u00eate et tous les surfeurs se jettent \u00e0 l\u2019eau, pr\u00e9f\u00e9rant le calme de l\u2019oc\u00e9an aux heures de pointe matinales. Ce sentiment de libert\u00e9 est fantastique et nous sommes tr\u00e8s heureux de pouvoir le partager avec vous.<\/p>\n<p>[\/vc_column_text][\/vc_column][\/vc_row][vc_row full_width=&#8221;stretch_row_content&#8221; content_placement=&#8221;middle&#8221; parallax=&#8221;content-moving&#8221; parallax_image=&#8221;5824&#8243; parallax_speed_bg=&#8221;0&#8243;][vc_column][vc_empty_space height=&#8221;300px&#8221;][\/vc_column][\/vc_row][vc_row][vc_column width=&#8221;1\/3&#8243;][vc_empty_space][vc_single_image image=&#8221;5366&#8243; img_size=&#8221;full&#8221; alignment=&#8221;center&#8221; img_link_large=&#8221;yes&#8221;][\/vc_column][vc_column width=&#8221;2\/3&#8243;][vc_empty_space][vc_column_text]<strong>Faire du surf \u00e0 Labenne Oc\u00e9an<\/strong><\/p>\n<p style=\"text-align: justify;\">Labenne Oc\u00e9an offre un <em>beach-break <\/em>id\u00e9al \u00e0 400m seulement de notre maison. La plupart des surfeurs choisissent les spots \u00e9vidents tout pr\u00e8s d\u2019un parking, d\u2019une \u00e9cole de surf ou d\u2019un beach-bar. Le grand avantage de Labenne, c\u2019est que vous pouvez y d\u00e9couvrir d\u2019autres spots encore, o\u00f9 vous pouvez surfer en toute tranquillit\u00e9 ou m\u00eame tout seul, loin de la foule. Nous sommes toujours l\u00e0 pour vous donner des tuyaus!<\/p>\n<p>[\/vc_column_text][vc_column_text]<strong>Faire du surf \u00e0 Capbreton<\/strong><\/p>\n<p style=\"text-align: justify;\">Les spots de Capbreton sont c\u00e9l\u00e8bres. Qui d\u2019entre nous n\u2019a pas encore r\u00eav\u00e9 de chevaucher les grosses vagues de La Piste ou du VVF\u00a0? 20 minutes \u00e0 v\u00e9lo sur un sentier longeant un ruisseau, et vous voil\u00e0 arriv\u00e9 aux plages de Capbreton. Le Santocha et Le Pr\u00e9vent pr\u00e9sentent d\u2019ailleurs une alternative id\u00e9ale quand la houle s\u2019av\u00e8re trop grosse pour les autres beach-breaks.<\/p>\n<p>[\/vc_column_text][vc_column_text]<strong>Faire du surf \u00e0 Hossegor<\/strong><\/p>\n<p style=\"text-align: justify;\">Hossegor, qui accueille chaque ann\u00e9e la cr\u00e8me de la cr\u00e8me des surfeurs \u00e0 l\u2019occasion du Quiksilver Pro France, b\u00e9n\u00e9ficie d\u2019une solide r\u00e9putation. Des vagues puissantes et dures, de quoi effrayer m\u00eame les surfeurs les plus hardis\u00a0! La Nord et la Sud sont les spots les plus connues tandis que Les Culs Nuls et La Gravi\u00e8re s\u2019adressent aux surfeurs exp\u00e9riment\u00e9s avec des vagues atteignant facilement 5m ou plus.<\/p>\n<p>[\/vc_column_text][vc_column_text]<strong>Faire du surf \u00e0 Seignosse<\/strong><\/p>\n<p style=\"text-align: justify;\">Seignosse et les spots plus au nord sont de vrais <em>wavemagnets<\/em>. Ils offrent des vagues moyennes et tr\u00e8s bien surfables quand la houle n\u2019est pas trop grosse. Nous les avons beaucoup fr\u00e9quent\u00e9s au d\u00e9but de notre carri\u00e8re de surfeur parce que les vagues conviennent parfaitement aux surfeurs qui ne sont pas encore tout \u00e0 fait exp\u00e9riment\u00e9s. Nous partagerons volontiers notre savoir-faire avec vous.<\/p>\n<p>[\/vc_column_text][vc_column_text]<strong>Faire du surf \u00e0 Biarritz et \u00e0 la C\u00f4te Basque<\/strong><\/p>\n<p style=\"text-align: justify;\">Biarritz est la premi\u00e8re ville en Europe continentale o\u00f9 le surf s\u2019est lanc\u00e9. La ville respire le surf et poss\u00e8de avec la C\u00f4te des Basques, fr\u00e9quent\u00e9 surtout par les longboarders, et la baie magnifique de La Grande Plage, des hotspots c\u00e9l\u00e8bres \u00e0 juste titre.<\/p>\n<p style=\"text-align: justify;\">Plus au sud, vous trouvez les reefbreaks Lafit\u00e9nia et Gu\u00e9thary dont les hautes vagues puissantes attirent surtout les casse-cou \u00e9quip\u00e9s de planches ou de jet-ski. Plus vous descendez vers le sud, plus la houle se fait faible\u00a0: vous y trouverez s\u00fbrement une petite baie abrit\u00e9e o\u00f9 il fait bon surfer \u00e0 tout moment de la journ\u00e9e. Nous vous aiderons volontiers dans votre recherche de l\u2019endroit id\u00e9al dans la r\u00e9gion\u00a0!<\/p>\n<p>[\/vc_column_text][vc_column_text]<\/p>\n<div><b>Plus d\u2019infos sur les nombreux spots de surf dans le Sudouest de la France<\/b><\/div>\n<div><b>\u00a0<\/b><\/div>\n<div>Visitez <a href=\"https:\/\/surfermap.com\/\" target=\"_blank\" rel=\"noopener noreferrer\">surfermap.com<\/a><\/div>\n<p>[\/vc_column_text][\/vc_column][\/vc_row]<\/p>\n<\/section>","protected":false},"excerpt":{"rendered":"<p>[vc_row][vc_column][vc_column_text] Les vacances de surf en France Notre B&amp;B sert de base pour des vacances de surf inoubliables. La r\u00e9gion littorale des Landes et de la C\u00f4te Basque est consid\u00e9r\u00e9e comme un des paradis du surf le plus pris\u00e9 en France et en Europe. Quand la houle s\u2019annonce bonne et que les vagues sont prometteuses, [&hellip;]<\/p>\n","protected":false},"author":1,"featured_media":0,"parent":0,"menu_order":0,"comment_status":"closed","ping_status":"closed","template":"","meta":{"footnotes":""},"_links":{"self":[{"href":"https:\/\/boardnbreakfast.com\/fr\/wp-json\/wp\/v2\/pages\/4839"}],"collection":[{"href":"https:\/\/boardnbreakfast.com\/fr\/wp-json\/wp\/v2\/pages"}],"about":[{"href":"https:\/\/boardnbreakfast.com\/fr\/wp-json\/wp\/v2\/types\/page"}],"author":[{"embeddable":true,"href":"https:\/\/boardnbreakfast.com\/fr\/wp-json\/wp\/v2\/users\/1"}],"replies":[{"embeddable":true,"href":"https:\/\/boardnbreakfast.com\/fr\/wp-json\/wp\/v2\/comments?post=4839"}],"version-history":[{"count":20,"href":"https:\/\/boardnbreakfast.com\/fr\/wp-json\/wp\/v2\/pages\/4839\/revisions"}],"predecessor-version":[{"id":6923,"href":"https:\/\/boardnbreakfast.com\/fr\/wp-json\/wp\/v2\/pages\/4839\/revisions\/6923"}],"wp:attachment":[{"href":"https:\/\/boardnbreakfast.com\/fr\/wp-json\/wp\/v2\/media?parent=4839"}],"curies":[{"name":"wp","href":"https:\/\/api.w.org\/{rel}","templated":true}]}}