{"id":4844,"date":"2016-01-13T16:17:49","date_gmt":"2016-01-13T15:17:49","guid":{"rendered":"http:\/\/boardnbreakfastcom.webhosting.be\/?page_id=4844&#038;lang=fr"},"modified":"2016-12-07T13:17:56","modified_gmt":"2016-12-07T12:17:56","slug":"surfer-quand","status":"publish","type":"page","link":"https:\/\/boardnbreakfast.com\/fr\/surfer-quand\/","title":{"rendered":"Surfer quand?"},"content":{"rendered":"<section class=\"wpb-content-wrapper\"><p>[vc_row][vc_column][vc_column_text]<\/p>\n<h4><strong>Surfer tout au long de l&#8217;ann\u00e9e<\/strong><\/h4>\n<p style=\"text-align: justify;\">Au littoral occidental fran\u00e7ais, il est possible de faire du surf chaque jour et cela \u00e0 tous les niveaux. Nous vous donnons volontiers des conseils pour que vous trouviez le spot parfait adapt\u00e9 \u00e0 votre go\u00fbt et \u00e0 votre niveau.<\/p>\n<p>[\/vc_column_text][vc_column_text]<\/p>\n<p style=\"text-align: justify;\">La c\u00f4te landaise est connue pour ses vagues puissantes m\u00eame si elles sont petites. C\u2019est ce que nous aimons le plus, des vagues pas trop grandes mais pleines de puissance. Malheureusement on n\u2019est pas toujours seul et parfois il faut jouer des coudes dans le line up. Ne paniquez pas et demandez nos bons plans pour partir \u00e0 la d\u00e9couverte de la r\u00e9gion. Quoi de plus beau qu\u2019un magnifique lever du soleil pendant que vous glissez sur les vagues\u00a0? D\u2019accord, il faut se lever t\u00f4t, mais nous sommes l\u00e0 pour vous r\u00e9veiller\u00a0!<\/p>\n<p>[\/vc_column_text][\/vc_column][\/vc_row][vc_row full_width=&#8221;stretch_row_content&#8221; content_placement=&#8221;middle&#8221; parallax=&#8221;content-moving&#8221; parallax_image=&#8221;5818&#8243; parallax_speed_bg=&#8221;0&#8243; bg_type=&#8221;image&#8221; parallax_style=&#8221;vcpb-default&#8221; bg_image_new=&#8221;4555|https:\/\/boardnbreakfast.com\/wp-content\/uploads\/2015\/12\/Nov-6-541.jpg&#8221; bg_img_attach=&#8221;fixed&#8221;][vc_column][vc_empty_space height=&#8221;300px&#8221;][\/vc_column][\/vc_row][vc_row][vc_column][vc_empty_space height=&#8221;20px&#8221;][vc_column_text]<strong>Des vacances de surf au printemps<\/strong><\/p>\n<p style=\"text-align: justify;\">Le printemps est une excellente p\u00e9riode pour pratiquer le surf. Les jours s\u2019allongent, il commence \u00e0 faire chaud, la houle est r\u00e9guli\u00e8re et surtout\u00a0: vous avez la mer pour vous tout seul\u00a0!<\/p>\n<p>[\/vc_column_text][vc_column_text]<\/p>\n<p style=\"text-align: justify;\"><strong>L&#8217;\u00e9t\u00e9 est la destination par excellence pour les vacances de surf dans les Landes<\/strong><\/p>\n<p style=\"text-align: justify;\">Les vagues sont plus petites en \u00e9t\u00e9 mais gr\u00e2ce au vent offshore le matin et le soir, les conditions de surf restent parfaites. Comme l\u2019eau est tr\u00e8s bonne, l\u2019\u00e9t\u00e9 est la p\u00e9riode id\u00e9ale pour s\u2019initier au surf.<\/p>\n<p>[\/vc_column_text][vc_column_text]<strong>L&#8217;automne est LA saison pour faire du surf<\/strong><\/p>\n<p style=\"text-align: justify;\">L\u2019automne est la saison du surf par excellence dans les Landes. Le vent r\u00e8gne en ma\u00eetre au-dessus de l\u2019oc\u00e9an et pousse sans cesse la houle vers les plages fran\u00e7aises o\u00f9 il y a un vent offshore constant \u00e0 cause de l\u2019eau chaude. R\u00e9sultat\u00a0: des vagues magnifiques\u00a0! La fin de l\u2019\u00e9t\u00e9 est toujours agr\u00e9able et se prolonge souvent jusqu\u2019\u00e0 la fin du mois d\u2019octobre.<\/p>\n<p>[\/vc_column_text][vc_column_text]<strong>La houle en hiver<\/strong><\/p>\n<p style=\"text-align: justify;\">Pendant les mois d\u2019hiver, la houle devient si grosse que la plupart des beach-breaks sont compl\u00e8tement satur\u00e9s. Mais pas de panique\u00a0! Vous trouverez assez de spots abrit\u00e9s o\u00f9 la houle propre offre des vagues tout \u00e0 fait surfables, notamment \u00e0 Capbreton ou plus au sud \u00e0 la C\u00f4te Basque et pr\u00e8s de la fronti\u00e8re espagnole. Vous ne serez donc jamais \u00e0 court de vagues pendant vos vacances d\u2019hiver.<\/p>\n<p>[\/vc_column_text][\/vc_column][\/vc_row]<\/p>\n<\/section>","protected":false},"excerpt":{"rendered":"<p>[vc_row][vc_column][vc_column_text] Surfer tout au long de l&#8217;ann\u00e9e Au littoral occidental fran\u00e7ais, il est possible de faire du surf chaque jour et cela \u00e0 tous les niveaux. Nous vous donnons volontiers des conseils pour que vous trouviez le spot parfait adapt\u00e9 \u00e0 votre go\u00fbt et \u00e0 votre niveau. [\/vc_column_text][vc_column_text] La c\u00f4te landaise est connue pour ses [&hellip;]<\/p>\n","protected":false},"author":1,"featured_media":0,"parent":0,"menu_order":0,"comment_status":"closed","ping_status":"closed","template":"","meta":{"footnotes":""},"_links":{"self":[{"href":"https:\/\/boardnbreakfast.com\/fr\/wp-json\/wp\/v2\/pages\/4844"}],"collection":[{"href":"https:\/\/boardnbreakfast.com\/fr\/wp-json\/wp\/v2\/pages"}],"about":[{"href":"https:\/\/boardnbreakfast.com\/fr\/wp-json\/wp\/v2\/types\/page"}],"author":[{"embeddable":true,"href":"https:\/\/boardnbreakfast.com\/fr\/wp-json\/wp\/v2\/users\/1"}],"replies":[{"embeddable":true,"href":"https:\/\/boardnbreakfast.com\/fr\/wp-json\/wp\/v2\/comments?post=4844"}],"version-history":[{"count":20,"href":"https:\/\/boardnbreakfast.com\/fr\/wp-json\/wp\/v2\/pages\/4844\/revisions"}],"predecessor-version":[{"id":6085,"href":"https:\/\/boardnbreakfast.com\/fr\/wp-json\/wp\/v2\/pages\/4844\/revisions\/6085"}],"wp:attachment":[{"href":"https:\/\/boardnbreakfast.com\/fr\/wp-json\/wp\/v2\/media?parent=4844"}],"curies":[{"name":"wp","href":"https:\/\/api.w.org\/{rel}","templated":true}]}}