{"id":5056,"date":"2016-02-01T17:43:20","date_gmt":"2016-02-01T16:43:20","guid":{"rendered":"http:\/\/boardnbreakfastcom.webhosting.be\/?page_id=5056&#038;lang=fr"},"modified":"2022-11-17T10:01:23","modified_gmt":"2022-11-17T09:01:23","slug":"qui-sommes-nous","status":"publish","type":"page","link":"https:\/\/boardnbreakfast.com\/fr\/qui-sommes-nous\/","title":{"rendered":"Qui sommes-nous?"},"content":{"rendered":"<section class=\"wpb-content-wrapper\"><p>[vc_row][vc_column][vc_column_text]<\/p>\n<h4 style=\"text-align: justify;\">A l\u2019age de 26 ans, j\u2019ai d\u00e9cid\u00e9 de suivre mon r\u00eave. Int\u00e9grer le surf dans ma vie quotidienne et partager cette experience avec des gens qui aiment le soleil , la mer et la plage.<\/h4>\n<h4 style=\"text-align: justify;\"><\/h4>\n<p>[\/vc_column_text][\/vc_column][\/vc_row][vc_row full_width=&#8221;stretch_row_content&#8221; content_placement=&#8221;middle&#8221; parallax=&#8221;content-moving&#8221; parallax_image=&#8221;9212&#8243; parallax_speed_bg=&#8221;0&#8243; bg_type=&#8221;image&#8221; parallax_style=&#8221;vcpb-default&#8221;][vc_column section_text_color=&#8221;dark&#8221; text_align=&#8221;center&#8221;][vc_empty_space height=&#8221;300px&#8221;][\/vc_column][\/vc_row][vc_row][vc_column][vc_empty_space][vc_column_text]Apr\u00e8s de nombreuses sessions de surf \u00e0 la mer du Nord et des voyages autour du monde, il \u00e9tait temps de c\u00e9der enfin \u00e0 l\u2019appel de l\u2019oc\u00e9an. Comme\u00a0je r\u00eavais d\u2019unevie o\u00f9 le rythme des vagues s\u2019allierait au rythme de ma vie quotidienne, j\u2019ai choisi la France, la destination id\u00e9ale \u00e0 cause de ses nombreuses plages de surf facilement accessibles et, avouons-le, pas trop \u00e9loign\u00e9e de notre famille et de nos amis en Belgique. Nous avons install\u00e9 notre petit paradis \u00e0 Labenne, un petit ville tranquille au c\u0153ur d\u2019une r\u00e9gion touristique qui vous offre, \u00e0 c\u00f4t\u00e9 de multiples spots de surf, plein d\u2019activit\u00e9s de loisirs et de plaisirs gastronomiques.<\/p>\n<p>L\u2019exp\u00e9rience du surf a beaucoup \u00e9volu\u00e9 ces dix derni\u00e8res ann\u00e9es. Avant, les sports d\u2019hiver annuels \u00e9taient sacr\u00e9s, aujourd\u2019hui, on y ajoute volontiers un s\u00e9jour surf. Et voil\u00e0, nous sommes l\u00e0 pour vous accueillir avec beaucoup d\u2019enthousiasme. Mon m\u00e9tier, c\u2019est aussi ma passion\u00a0: cr\u00e9er une ambiance conviviale, vous offrir des plats d\u00e9licieux, donner des conseils de surf \u00e0 votre mesure, bref, vous g\u00e2ter en vous donnant l\u2019impression que vous \u00eates chez vous. C\u2019est une formule qui a du succ\u00e8s : Board \u2018n Breakfast est devenu synonyme d\u2019une bonne adresse pour surfeurs et bons vivants.<\/p>\n<p>Mon vagabondage dans le monde entier ma a conduits \u00e0 des endroits chouettes qui ma h\u00e9bergeait \u00e0 des prix modiques. A notre tour, nous offrons \u00e0 nos h\u00f4tes un logement charmant o\u00f9 vous vous sentirez tout de suite chez vous. Soyez les bienvenus dans notre petit paradis, que vous soyez surfeur ou non.[\/vc_column_text][\/vc_column][\/vc_row]<\/p>\n<\/section>","protected":false},"excerpt":{"rendered":"<p>[vc_row][vc_column][vc_column_text] A l\u2019age de 26 ans, j\u2019ai d\u00e9cid\u00e9 de suivre mon r\u00eave. Int\u00e9grer le surf dans ma vie quotidienne et partager cette experience avec des gens qui aiment le soleil , la mer et la plage. [\/vc_column_text][\/vc_column][\/vc_row][vc_row full_width=&#8221;stretch_row_content&#8221; content_placement=&#8221;middle&#8221; parallax=&#8221;content-moving&#8221; parallax_image=&#8221;9212&#8243; parallax_speed_bg=&#8221;0&#8243; bg_type=&#8221;image&#8221; parallax_style=&#8221;vcpb-default&#8221;][vc_column section_text_color=&#8221;dark&#8221; text_align=&#8221;center&#8221;][vc_empty_space height=&#8221;300px&#8221;][\/vc_column][\/vc_row][vc_row][vc_column][vc_empty_space][vc_column_text]Apr\u00e8s de nombreuses sessions de surf \u00e0 la mer [&hellip;]<\/p>\n","protected":false},"author":1,"featured_media":0,"parent":0,"menu_order":0,"comment_status":"closed","ping_status":"closed","template":"","meta":{"footnotes":""},"_links":{"self":[{"href":"https:\/\/boardnbreakfast.com\/fr\/wp-json\/wp\/v2\/pages\/5056"}],"collection":[{"href":"https:\/\/boardnbreakfast.com\/fr\/wp-json\/wp\/v2\/pages"}],"about":[{"href":"https:\/\/boardnbreakfast.com\/fr\/wp-json\/wp\/v2\/types\/page"}],"author":[{"embeddable":true,"href":"https:\/\/boardnbreakfast.com\/fr\/wp-json\/wp\/v2\/users\/1"}],"replies":[{"embeddable":true,"href":"https:\/\/boardnbreakfast.com\/fr\/wp-json\/wp\/v2\/comments?post=5056"}],"version-history":[{"count":19,"href":"https:\/\/boardnbreakfast.com\/fr\/wp-json\/wp\/v2\/pages\/5056\/revisions"}],"predecessor-version":[{"id":9705,"href":"https:\/\/boardnbreakfast.com\/fr\/wp-json\/wp\/v2\/pages\/5056\/revisions\/9705"}],"wp:attachment":[{"href":"https:\/\/boardnbreakfast.com\/fr\/wp-json\/wp\/v2\/media?parent=5056"}],"curies":[{"name":"wp","href":"https:\/\/api.w.org\/{rel}","templated":true}]}}