{"id":5118,"date":"2016-02-10T18:27:05","date_gmt":"2016-02-10T17:27:05","guid":{"rendered":"http:\/\/boardnbreakfastcom.webhosting.be\/?page_id=5118&#038;lang=fr"},"modified":"2016-02-28T14:18:00","modified_gmt":"2016-02-28T13:18:00","slug":"sisp","status":"publish","type":"page","link":"https:\/\/boardnbreakfast.com\/fr\/sisp\/","title":{"rendered":"SISP"},"content":{"rendered":"<section class=\"wpb-content-wrapper\"><p>[vc_row][vc_column][vc_column_text]<\/p>\n<h4 style=\"text-align: left;\"><strong>SISP &amp; Kovalam Surfclub<\/strong><\/h4>\n<p>[\/vc_column_text][\/vc_column][\/vc_row][vc_row][vc_column width=&#8221;2\/3&#8243;][vc_column_text]<\/p>\n<p style=\"text-align: justify;\">Gr\u00e2ce \u00e0 un bon ami, nous avons fait la connaissance d\u2019un projet social sympa \u00e0 Kerala, dans le sud de l\u2019Inde. En 2005, Jelle Rigole s\u2019est engag\u00e9 dans un projet existant, <strong>le SISP<\/strong>, une \u00e9cole et organisation qui veut am\u00e9liorer les conditions de vie d\u2019enfants et d\u2019adultes pauvres. Il a eu la bonne id\u00e9e de fonder une \u00e9cole de surf car il \u00e9tait d\u2019avis que les enfants avaient \u00e9galement droit \u00e0 un peu d\u2019amusement et de loisirs. Jouer dans les vagues et faire du surf, c\u2019est une exp\u00e9rience inoubliable. Ainsi est n\u00e9 <strong><span style=\"text-decoration: underline;\"><a href=\"http:\/\/www.kovalamsurfclub.com\" target=\"_blank\">le Kovalam Surfclub<\/a><\/span><\/strong> qui fonctionne d\u00e9sormais de fa\u00e7on autonome. Les enfants \u00e0 qui Jelle a enseign\u00e9 le surf, sont devenus \u00e0 leur tour des instructeurs qui s\u2019occupent des cours et du magasin du Kovalam Surfclub.<\/p>\n<p>[\/vc_column_text][\/vc_column][vc_column width=&#8221;1\/3&#8243;][vc_single_image image=&#8221;5071&#8243; img_size=&#8221;medium&#8221; alignment=&#8221;center&#8221; img_link_target=&#8221;_blank&#8221; link=&#8221;http:\/\/www.kovalamsurfclub.com&#8221;][\/vc_column][\/vc_row][vc_row][vc_column][vc_column_text]<\/p>\n<p style=\"text-align: justify;\">Comme nous connaissons bien le projet \u2013 nous sommes pass\u00e9s plusieurs fois chez Jelle et \u2018ses\u2019 enfants du SISP \u2013 nous avons d\u00e9cid\u00e9 d\u2019y apporter notre contribution, d\u2019autant plus que nous sommes s\u00fbrs que notre aide financi\u00e8re arrivera \u00e0 destination.<\/p>\n<p style=\"text-align: justify;\">C\u2019est pourquoi nous organisons r\u00e9guli\u00e8rement un repas indien dont une partie des b\u00e9n\u00e9fices est destin\u00e9e au SISP. Ine s\u2019occupe de la vente de bijoux, de petits pots et \u00e9l\u00e9ments de d\u00e9coration en noix de coco, faits \u00e0 la main par les mamans des enfants.<\/p>\n<p>[\/vc_column_text][\/vc_column][\/vc_row][vc_row][vc_column][vc_column_text]<\/p>\n<p><strong>Regardez aussi le film:<\/strong><\/p>\n<p>[\/vc_column_text][vc_video link=&#8221;https:\/\/vimeo.com\/104623669&#8243;][\/vc_column][\/vc_row]<\/p>\n<\/section>","protected":false},"excerpt":{"rendered":"<p>[vc_row][vc_column][vc_column_text] SISP &amp; Kovalam Surfclub [\/vc_column_text][\/vc_column][\/vc_row][vc_row][vc_column width=&#8221;2\/3&#8243;][vc_column_text] Gr\u00e2ce \u00e0 un bon ami, nous avons fait la connaissance d\u2019un projet social sympa \u00e0 Kerala, dans le sud de l\u2019Inde. En 2005, Jelle Rigole s\u2019est engag\u00e9 dans un projet existant, le SISP, une \u00e9cole et organisation qui veut am\u00e9liorer les conditions de vie d\u2019enfants et d\u2019adultes pauvres. [&hellip;]<\/p>\n","protected":false},"author":1,"featured_media":0,"parent":0,"menu_order":0,"comment_status":"closed","ping_status":"closed","template":"","meta":{"footnotes":""},"_links":{"self":[{"href":"https:\/\/boardnbreakfast.com\/fr\/wp-json\/wp\/v2\/pages\/5118"}],"collection":[{"href":"https:\/\/boardnbreakfast.com\/fr\/wp-json\/wp\/v2\/pages"}],"about":[{"href":"https:\/\/boardnbreakfast.com\/fr\/wp-json\/wp\/v2\/types\/page"}],"author":[{"embeddable":true,"href":"https:\/\/boardnbreakfast.com\/fr\/wp-json\/wp\/v2\/users\/1"}],"replies":[{"embeddable":true,"href":"https:\/\/boardnbreakfast.com\/fr\/wp-json\/wp\/v2\/comments?post=5118"}],"version-history":[{"count":3,"href":"https:\/\/boardnbreakfast.com\/fr\/wp-json\/wp\/v2\/pages\/5118\/revisions"}],"predecessor-version":[{"id":5315,"href":"https:\/\/boardnbreakfast.com\/fr\/wp-json\/wp\/v2\/pages\/5118\/revisions\/5315"}],"wp:attachment":[{"href":"https:\/\/boardnbreakfast.com\/fr\/wp-json\/wp\/v2\/media?parent=5118"}],"curies":[{"name":"wp","href":"https:\/\/api.w.org\/{rel}","templated":true}]}}