{"id":9362,"date":"2021-05-19T08:50:25","date_gmt":"2021-05-19T07:50:25","guid":{"rendered":"https:\/\/boardnbreakfast.com\/?page_id=9362"},"modified":"2024-02-29T16:21:15","modified_gmt":"2024-02-29T15:21:15","slug":"surf-service","status":"publish","type":"page","link":"https:\/\/boardnbreakfast.com\/fr\/surf-service\/","title":{"rendered":"Surf Service"},"content":{"rendered":"<section class=\"wpb-content-wrapper\"><p>[vc_row][vc_column width=&#8221;1\/2&#8243;][vc_single_image image=&#8221;9368&#8243; img_size=&#8221;full&#8221;][\/vc_column][vc_column width=&#8221;1\/2&#8243;][vc_column_text]<strong>Pour la location priv\u00e9 de notre surfhouse ou une autre maison de vacance a Labenne:<\/strong><\/p>\n<p>Avec notre exp\u00e9rience dans le management de notre surf house <strong>Board &#8216;n Breakfast, <\/strong>nous vous proposons avec une attention particuli\u00e8re \u00e0 la qualit\u00e9 et l\u2019originalit\u00e9 les services et exp\u00e9riences suivantes:<\/p>\n<p>Nous travaillons avec des habitants de Labenne et les alentours (Landes du Sud).<\/p>\n<ul>\n<li>Pour les services cours du surf, repas, petit d\u00e9jeuner, babysitting et mat\u00e9riaux de surf, vous pouvez d\u00e9j\u00e0 r\u00e9server pour garantir les disponibilit\u00e9s.<br \/>\n<em>*R\u00e9server au plus tard le Dimanche ( ou au premier jour de votre s\u00e9jour)<\/em><\/li>\n<\/ul>\n<ul>\n<li>Pour les services massages et cours de yoga, vous pouvez r\u00e9server 24 heures avant.<\/li>\n<\/ul>\n<p>[\/vc_column_text][vc_empty_space][\/vc_column][\/vc_row][vc_row full_width=&#8221;stretch_row_content&#8221; parallax=&#8221;content-moving&#8221; parallax_image=&#8221;9374&#8243;][vc_column][vc_empty_space height=&#8221;300px&#8221;][\/vc_column][\/vc_row][vc_row][vc_column width=&#8221;1\/2&#8243;][vc_empty_space][vc_column_text]<strong><u>Panier du Petit d\u00e9jeuner + Surf Report :<\/u><\/strong><\/p>\n<ul>\n<li>Petit d\u00e9jeuner \u00e0 \u20ac 10\/personne dont: croissants, confiture, p\u00e2te \u00e0 tartiner au chocolat et pain fait maison, yaourt, granola, fruits, jus d\u2019orange, &#8230;<\/li>\n<\/ul>\n<p>[\/vc_column_text][\/vc_column][vc_column width=&#8221;1\/2&#8243;][vc_empty_space][vc_single_image image=&#8221;9375&#8243; img_size=&#8221;large&#8221;][\/vc_column][\/vc_row][vc_row][vc_column][vc_separator][\/vc_column][\/vc_row][vc_row][vc_column width=&#8221;1\/2&#8243;][vc_column_text]<strong><u>Repas pour 10 personnes minimum, r\u00e9serv\u00e9 5 jours avant<\/u><\/strong><\/p>\n<ul>\n<li>Repas v\u00e9gane\/v\u00e9g\u00e9tarien de <a href=\"https:\/\/www.instagram.com\/mariefrancefarre\/\">Marie France Farr\u00e9<\/a>, bio et local: entr\u00e9e + plat + dessert: entre \u00a0\u20ac 25\/30 pp<\/li>\n<li>BBQ: \u20ac 22 \/ pp<\/li>\n<li>Buffet italien: \u20ac 17 \/ pp<\/li>\n<li>Home made pizza \u00e0 volont\u00e9 + 1 cocktail (au sunset bar \u00e0 c\u00f4t\u00e9 de la piscine): \u20ac 17 \/ pp<\/li>\n<\/ul>\n<p>[\/vc_column_text][\/vc_column][vc_column width=&#8221;1\/2&#8243;][vc_single_image image=&#8221;9380&#8243; img_size=&#8221;large&#8221;][\/vc_column][\/vc_row][vc_row][vc_column][vc_separator][\/vc_column][\/vc_row][vc_row][vc_column width=&#8221;1\/2&#8243;][vc_column_text]<strong><u>Cours de surf de haute qualit\u00e9:<\/u><\/strong><\/p>\n<p><em>\u00ab Annelies vous garantit des cours de qualit\u00e9 personnalis\u00e9e avec le plaisir en plus! \u00bb<\/em><\/p>\n<p>C\u2019est la formule id\u00e9ale:<\/p>\n<ul>\n<li>pour assurer une progression accrue<\/li>\n<li>pour tous ceux qui souhaitent suivre des cours particuliers ou en petit groupe<\/li>\n<li>pour d\u00e9butants ou en perfectionnement<strong>\u00a0<\/strong><\/li>\n<\/ul>\n<p><strong>Groupe constitu\u00e9 d&#8217;au max. 6 personnes:<\/strong><\/p>\n<ul>\n<li>1 cours: \u20ac 50<\/li>\n<li>2 cours: \u20ac 90<\/li>\n<li>3 cours: \u20ac 135<\/li>\n<li>4 cours: \u20ac 175<\/li>\n<li>5 cours: \u20ac 215<\/li>\n<\/ul>\n<p><strong>Groupe constitu\u00e9 plus de 6 personnes:<\/strong><\/p>\n<ul>\n<li>1 cours: \u20ac 39<\/li>\n<li>2 cours: \u20ac 78<\/li>\n<li>3 cours: \u20ac 110<\/li>\n<li>4 cours \u20ac 145<\/li>\n<li>5 cours \u20ac 165<\/li>\n<\/ul>\n<p>[\/vc_column_text][\/vc_column][vc_column width=&#8221;1\/2&#8243;][vc_single_image image=&#8221;8789&#8243; img_size=&#8221;large&#8221;][\/vc_column][\/vc_row][vc_row][vc_column][vc_separator][\/vc_column][\/vc_row][vc_row][vc_column width=&#8221;1\/2&#8243;][vc_column_text]<strong><u>Cours de Yoga:<\/u><\/strong><\/p>\n<p>Cours de yoga (Vinyasa, Hatha, yin, pr\u00e9\/post natal&#8230;) chez nous, \u00e0 la plage ou dans un lumineux studio \u00e0 quelques minutes du b&amp;b<\/p>\n<p>Tarif: \u20ac 10\/ pp<\/p>\n<p><em>(Minimum \u20ac 40 pour assurer le cours et maximum 100\u20ac)<\/em>[\/vc_column_text][\/vc_column][vc_column width=&#8221;1\/2&#8243;][vc_single_image image=&#8221;9333&#8243; img_size=&#8221;large&#8221;][\/vc_column][\/vc_row][vc_row][vc_column][vc_separator][\/vc_column][\/vc_row][vc_row][vc_column width=&#8221;1\/2&#8243;][vc_column_text]<strong><u>Massage \u00e0 domicile:<\/u><\/strong><\/p>\n<p>Manon , Ayurv\u00e9da ou Margaux:\u00a0 \u20ac 70 par heure[\/vc_column_text][\/vc_column][vc_column width=&#8221;1\/2&#8243;][vc_single_image image=&#8221;9366&#8243; img_size=&#8221;large&#8221;][\/vc_column][\/vc_row][vc_row][vc_column][vc_separator][\/vc_column][\/vc_row][vc_row][vc_column width=&#8221;1\/2&#8243;][vc_column_text]<strong><u>Gastronomie fait \u00e0 la maison:<\/u><\/strong><\/p>\n<p>Menu gastronomique, French fusion cuisine de <a href=\"https:\/\/www.instagram.com\/hory_gastronomie\/\">Hory Gastronomie<\/a>, fait \u00e0 votre domicile avec des produits locaux et suivant la saison.<\/p>\n<p>A partir de \u20ac 50\/menu ou brunch\/pp (minimum 6 personnes).[\/vc_column_text][\/vc_column][vc_column width=&#8221;1\/2&#8243;][vc_single_image image=&#8221;9369&#8243; img_size=&#8221;large&#8221;][\/vc_column][\/vc_row][vc_row][vc_column][vc_separator][\/vc_column][\/vc_row][vc_row][vc_column width=&#8221;1\/2&#8243;][vc_column_text]<strong><u>Babysit services:<\/u><\/strong><\/p>\n<p>\u20ac 7 par heure par enfant[\/vc_column_text][\/vc_column][vc_column width=&#8221;1\/2&#8243;][vc_single_image image=&#8221;9376&#8243; img_size=&#8221;large&#8221;][\/vc_column][\/vc_row][vc_row][vc_column][vc_separator][\/vc_column][\/vc_row][vc_row][vc_column width=&#8221;1\/2&#8243;][vc_column_text]<strong><u>Mat\u00e9riaux de location :<\/u><\/strong><\/p>\n<ul>\n<li>Planche de surf:\u00a0 \u20ac 11\/jour ou \u20ac 60\/semaine<\/li>\n<li>Combinaison de surf: \u20ac 5\/jour ou \u20ac 25\/semaine<\/li>\n<li>V\u00e9los (6 v\u00e9los disponible): \u20ac 7\/jour ou \u20ac 25\/semaine<br \/>\n<em>*Location de v\u00e9los \u00e0 c\u00f4t\u00e9 de chez nous= &#8211; 5%<\/em><\/li>\n<\/ul>\n<p>R\u00e9servez en avance! <a href=\"https:\/\/surf-labenne.com\/tarifs\/\">https:\/\/surf-labenne.com\/tarifs\/<\/a><\/p>\n<p>[\/vc_column_text][\/vc_column][vc_column width=&#8221;1\/2&#8243;][vc_single_image image=&#8221;8790&#8243; img_size=&#8221;large&#8221;][\/vc_column][\/vc_row][vc_row][vc_column][vc_separator][\/vc_column][\/vc_row][vc_row][vc_column width=&#8221;1\/2&#8243;][vc_column_text]<strong><u>Tr\u00e8s bons cours de natation avec <\/u><\/strong><strong><u>Greg<\/u><\/strong><strong><u>:<\/u><\/strong><\/p>\n<ul>\n<li>\u20ac 12 par cour<\/li>\n<li>Piscine \u00e0 Labenne Oc\u00e9an<\/li>\n<\/ul>\n<p>[\/vc_column_text][\/vc_column][vc_column width=&#8221;1\/2&#8243;][vc_single_image image=&#8221;9377&#8243; img_size=&#8221;large&#8221;][\/vc_column][\/vc_row]<\/p>\n<\/section>","protected":false},"excerpt":{"rendered":"<p>[vc_row][vc_column width=&#8221;1\/2&#8243;][vc_single_image image=&#8221;9368&#8243; img_size=&#8221;full&#8221;][\/vc_column][vc_column width=&#8221;1\/2&#8243;][vc_column_text]Pour la location priv\u00e9 de notre surfhouse ou une autre maison de vacance a Labenne: Avec notre exp\u00e9rience dans le management de notre surf house Board &#8216;n Breakfast, nous vous proposons avec une attention particuli\u00e8re \u00e0 la qualit\u00e9 et l\u2019originalit\u00e9 les services et exp\u00e9riences suivantes: Nous travaillons avec des habitants de [&hellip;]<\/p>\n","protected":false},"author":1,"featured_media":0,"parent":0,"menu_order":0,"comment_status":"closed","ping_status":"closed","template":"","meta":{"footnotes":""},"_links":{"self":[{"href":"https:\/\/boardnbreakfast.com\/fr\/wp-json\/wp\/v2\/pages\/9362"}],"collection":[{"href":"https:\/\/boardnbreakfast.com\/fr\/wp-json\/wp\/v2\/pages"}],"about":[{"href":"https:\/\/boardnbreakfast.com\/fr\/wp-json\/wp\/v2\/types\/page"}],"author":[{"embeddable":true,"href":"https:\/\/boardnbreakfast.com\/fr\/wp-json\/wp\/v2\/users\/1"}],"replies":[{"embeddable":true,"href":"https:\/\/boardnbreakfast.com\/fr\/wp-json\/wp\/v2\/comments?post=9362"}],"version-history":[{"count":20,"href":"https:\/\/boardnbreakfast.com\/fr\/wp-json\/wp\/v2\/pages\/9362\/revisions"}],"predecessor-version":[{"id":10022,"href":"https:\/\/boardnbreakfast.com\/fr\/wp-json\/wp\/v2\/pages\/9362\/revisions\/10022"}],"wp:attachment":[{"href":"https:\/\/boardnbreakfast.com\/fr\/wp-json\/wp\/v2\/media?parent=9362"}],"curies":[{"name":"wp","href":"https:\/\/api.w.org\/{rel}","templated":true}]}}